{"id":135,"date":"2020-05-11T13:24:19","date_gmt":"2020-05-11T13:24:19","guid":{"rendered":"https:\/\/fibrenoire.ca\/\/\/?page_id=135"},"modified":"2020-08-26T17:10:14","modified_gmt":"2020-08-26T17:10:14","slug":"news","status":"publish","type":"page","link":"https:\/\/fibrenoire.ca\/en\/news\/","title":{"rendered":"News"},"content":{"rendered":"<section class=\"block block__header-content b-light2\">\r\n  <div class=\"block-wrapper\">\r\n    <div class=\"container\">\r\n      <div class=\"row justify-content-center\">\r\n        <div class=\" col-lg-10\">\r\n          <h2 class=\"subtitle\">\r\n            NEWS\r\n          <\/h2>\r\n            <h1 class=\"title\">\r\n              They&#8217;re Talking About Us\r\n            <\/h1>\r\n            <div class=\"text-content\">\r\n              <p style=\"text-align: center;\">Find out what is going on with Fibrenoire!<\/p>\n\r\n            <\/div>\r\n        <\/div>\r\n      <\/div>\r\n    <\/div>\r\n    <\/div>\r\n<\/section>\n\n<section class=\"block block__list-news\">\r\n  <div class=\"container\">\r\n    <div class=\"row justify-content-center\">\r\n                       <div class=\"col-lg-10\">\r\n    <div class=\"single-new\">\r\n        <a href=\"https:\/\/financialpost.com\/telecom\/federal-court-denies-telus-bid-to-block-quebecors-830-million-spectrum-purchase-in-western-canada\" target=\"\" class=\"logo\">\r\n                            <img decoding=\"async\" src=\"https:\/\/i0.wp.com\/fibrenoire.ca\/wp-content\/uploads\/2022\/07\/telechargement.png?fit=600%2C83&amp;ssl=1\" alt=\"Logo Financial Post\">\r\n                    <\/a>\r\n        <div class=\"context\">\r\n            <h3 class=\"date\">May 19, 2022<\/h3>\r\n            <h2 class=\"title\"><a href=\"https:\/\/financialpost.com\/telecom\/federal-court-denies-telus-bid-to-block-quebecors-830-million-spectrum-purchase-in-western-canada\" target=\"_blank\">Federal Court denies Telus bid to block Quebecor&#8217;s $830M spectrum purchase in western Canada<\/a><\/h2>\r\n            <p>A Federal Court judge has rejected a challenge by Telus Communications Inc. to Quebecor Inc.\u2019s right to purchase spectrum in western Canada to develop 5G cellular technology for mobile phones. Vid\u00e9otron\u2019s application confirmed that it had an affiliate called Fibrenoire that was registered with the CRTC as a facilities-based provider and indicated areas where it was already providing commercial telecommunications services to the general public.<\/p>\r\n        <\/div>\r\n    <\/div>\r\n<\/div>                         <div class=\"col-lg-10\">\r\n    <div class=\"single-new\">\r\n        <a href=\"https:\/\/www.newswire.ca\/news-releases\/fibrenoire-adds-vmware-sd-wan-service-by-velocloud-to-its-business-offering-859016312.html\" target=\"\" class=\"logo\">\r\n                            <img decoding=\"async\" src=\"https:\/\/i0.wp.com\/fibrenoire.ca\/wp-content\/uploads\/2020\/08\/fibrenoire-adds.jpeg?fit=1024%2C572&amp;ssl=1\" alt=\"\">\r\n                    <\/a>\r\n        <div class=\"context\">\r\n            <h3 class=\"date\">April 01, 2019<\/h3>\r\n            <h2 class=\"title\"><a href=\"https:\/\/www.newswire.ca\/news-releases\/fibrenoire-adds-vmware-sd-wan-service-by-velocloud-to-its-business-offering-859016312.html\" target=\"_blank\">Fibrenoire Adds VMware SD-WAN Service by VeloCloud to its business offering<\/a><\/h2>\r\n            <p>Today, Fibrenoire, a Videotron subsidiary company and a leading provider of connectivity solutions fully dedicated to businesses, announced the addition of the VMware SD-WAN solution by VeloCloud to its service offerings. The VMware SD-WAN solution enables businesses to securely support application growth in the cloud and increase network flexibility, in addition to provides them with greater agility in implementing and configuring branch offices across the network.<\/p>\r\n        <\/div>\r\n    <\/div>\r\n<\/div>                         <div class=\"col-lg-10\">\r\n    <div class=\"single-new\">\r\n        <a href=\"https:\/\/central.cvca.ca\/award-spotlight-novacap-management-winner-cvcas-2017-private-capital-regional-impact-award-fibrenoire-technologies\/2018\/03\/05\/\" target=\"\" class=\"logo\">\r\n                            <img decoding=\"async\" src=\"https:\/\/i0.wp.com\/fibrenoire.ca\/wp-content\/uploads\/2018\/03\/cvca-central-default-share.jpg?fit=1200%2C630&amp;ssl=1\" alt=\"Logo Central\">\r\n                    <\/a>\r\n        <div class=\"context\">\r\n            <h3 class=\"date\">March 05, 2018<\/h3>\r\n            <h2 class=\"title\"><a href=\"https:\/\/central.cvca.ca\/award-spotlight-novacap-management-winner-cvcas-2017-private-capital-regional-impact-award-fibrenoire-technologies\/2018\/03\/05\/\" target=\"_blank\">Novacap Management Winner of CVCA\u2019s 2017 Private Capital Regional Impact Award for Fibrenoire<\/a><\/h2>\r\n            <p>Novacap management Inc. has been named a 2017 CVCA Regional Impact Award winner for Montr\u00e9al-based Fibrenoire Technologies. Since the company&#8217;s 2016 exit, it has scaled tremendously making a positive, notable impact in Qu\u00e9bec and beyond.<\/p>\r\n        <\/div>\r\n    <\/div>\r\n<\/div>                         <div class=\"col-lg-10\">\r\n    <div class=\"single-new\">\r\n        <a href=\"https:\/\/www.polymtl.ca\/salle-de-presse\/en\/newsreleases\/fibrenoire-co-founders-invest-more-2-million-support-future-polytechnique-technopreneurs\" target=\"\" class=\"logo\">\r\n                            <img decoding=\"async\" src=\"https:\/\/i0.wp.com\/fibrenoire.ca\/wp-content\/uploads\/2020\/08\/logo_polytechnique.png?fit=540%2C340&amp;ssl=1\" alt=\"Logo Polytechnique Montr\u00e9al\">\r\n                    <\/a>\r\n        <div class=\"context\">\r\n            <h3 class=\"date\">October 21, 2016<\/h3>\r\n            <h2 class=\"title\"><a href=\"https:\/\/www.polymtl.ca\/salle-de-presse\/en\/newsreleases\/fibrenoire-co-founders-invest-more-2-million-support-future-polytechnique-technopreneurs\" target=\"_blank\">Fibrenoire co-founders invest more than $2 million to support future Polytechnique \u201ctechnopreneurs\u201d<\/a><\/h2>\r\n            <p>The three founding partners of Fibrenoire, Benjamin Desmarais, R\u00e9mi Fournier and Jean-Fran\u00e7ois L\u00e9vesque, all of whom are Polytechnique alumni, today announced a donation of more than $2 million to the Polytechnique Foundation to support Poly students who are interested in starting a technology company, as they did.<\/p>\r\n        <\/div>\r\n    <\/div>\r\n<\/div>                         <div class=\"col-lg-10\">\r\n    <div class=\"single-new\">\r\n        <a href=\"https:\/\/www.newswire.ca\/news-releases\/videotron-acquires-fibrenoire-to-meet-growing-demand-in-the-quebec-business-market-564533511.html\" target=\"\" class=\"logo\">\r\n                            <img decoding=\"async\" src=\"https:\/\/i0.wp.com\/fibrenoire.ca\/wp-content\/uploads\/2020\/08\/logo_site_lesaffaires.png?fit=625%2C355&amp;ssl=1\" alt=\"Logo les affaires\">\r\n                    <\/a>\r\n        <div class=\"context\">\r\n            <h3 class=\"date\">January 07, 2016<\/h3>\r\n            <h2 class=\"title\"><a href=\"https:\/\/www.newswire.ca\/news-releases\/videotron-acquires-fibrenoire-to-meet-growing-demand-in-the-quebec-business-market-564533511.html\" target=\"_blank\">Videotron acquires Fibrenoire to meet growing demand in the Qu\u00e9bec business market<\/a><\/h2>\r\n            <p>Videotron has acquired Fibrenoire, a company that provides businesses with fibre-optic connectivity services. The transaction will enable Videotron Business Solutions and Fibrenoire to join forces to meet the growing demand from business customers for fibre-optic connectivity. The purchase price was $125 million.<\/p>\r\n        <\/div>\r\n    <\/div>\r\n<\/div>                         <div class=\"col-lg-10\">\r\n    <div class=\"single-new\">\r\n        <a href=\"https:\/\/lactualite.com\/lactualite-affaires\/fibrenoire-accelerateur-de-croissance\/\" target=\"\" class=\"logo\">\r\n                            <img decoding=\"async\" src=\"https:\/\/i0.wp.com\/fibrenoire.ca\/wp-content\/uploads\/2020\/08\/actualite_logo.png?fit=540%2C340&amp;ssl=1\" alt=\"Logo L&#039;actualit\u00e9\">\r\n                    <\/a>\r\n        <div class=\"context\">\r\n            <h3 class=\"date\">September 25, 2014<\/h3>\r\n            <h2 class=\"title\"><a href=\"https:\/\/lactualite.com\/lactualite-affaires\/fibrenoire-accelerateur-de-croissance\/\" target=\"_blank\">Fibrenoire \u2013 Acc\u00e9l\u00e9rateur de\u2026 croissance ! [French only]<\/a><\/h2>\r\n            <p>Dans un monde d\u00e9j\u00e0 ultra-press\u00e9, Fibrenoire n\u2019offre pas \u00e0 ses clients de ralentir. Au contraire ! La mission de cette entreprise montr\u00e9alaise sp\u00e9cialis\u00e9e dans la connexion Internet sur fibre optique est de leur permettre d\u2019acc\u00e9l\u00e9rer.<\/p>\r\n        <\/div>\r\n    <\/div>\r\n<\/div>                         <div class=\"col-lg-10\">\r\n    <div class=\"single-new\">\r\n        <a href=\"https:\/\/www.globenewswire.com\/news-release\/2014\/02\/21\/1347540\/0\/en\/Benjamin-Desmarais-CEO-Fibrenoire-Elected-CEO-of-the-Year-Investissement-Quebec-2014.html\" target=\"\" class=\"logo\">\r\n                            <img decoding=\"async\" src=\"https:\/\/i0.wp.com\/fibrenoire.ca\/wp-content\/uploads\/2020\/08\/globenewswire.png?fit=900%2C600&amp;ssl=1\" alt=\"Logo GlobeNewswire\">\r\n                    <\/a>\r\n        <div class=\"context\">\r\n            <h3 class=\"date\">September 21, 2014<\/h3>\r\n            <h2 class=\"title\"><a href=\"https:\/\/www.globenewswire.com\/news-release\/2014\/02\/21\/1347540\/0\/en\/Benjamin-Desmarais-CEO-Fibrenoire-Elected-CEO-of-the-Year-Investissement-Quebec-2014.html\" target=\"_blank\">Benjamin Desmarais, CEO Fibrenoire, Elected CEO of the Year Investissement Quebec 2014<\/a><\/h2>\r\n            <p>Technology CEOs attending the prestigious CEO Vision event at Mont-Tremblant elected Benjamin Desmarais, CEO of Fibrenoire as &#8220;2014 Investissement Qu\u00e9bec CEO of the Year&#8221;. The CEOs in attendance selected the winner by a secret ballot following presentations by the three finalists highlighting their entrepreneurial achievements for 2013.<\/p>\r\n        <\/div>\r\n    <\/div>\r\n<\/div>                         <div class=\"col-lg-10\">\r\n    <div class=\"single-new\">\r\n        <a href=\"https:\/\/montrealgazette.com\/business\/fibrenoire-provides-connectivity-services-to-more-than-1000-quebec-businesses\" target=\"\" class=\"logo\">\r\n                            <img decoding=\"async\" src=\"https:\/\/i0.wp.com\/fibrenoire.ca\/wp-content\/uploads\/2020\/08\/montreal_gazette.png?fit=320%2C144&amp;ssl=1\" alt=\"Logo Montreal Gazette\">\r\n                    <\/a>\r\n        <div class=\"context\">\r\n            <h3 class=\"date\">May 08, 2014<\/h3>\r\n            <h2 class=\"title\"><a href=\"https:\/\/montrealgazette.com\/business\/fibrenoire-provides-connectivity-services-to-more-than-1000-quebec-businesses\" target=\"_blank\">Fibrenoire provides connectivity services to more than 1,000 Quebec businesses<\/a><\/h2>\r\n            <p>Benjamin Desmarais and two friends were fresh out of university when they hatched the bold idea of competing directly with the country\u2019s biggest telecom firms.Seven years later, their company Fibrenoire Internet Inc. claims to operate the largest fibre optic network in Quebec that\u2019s dedicated exclusively to business customers.<\/p>\r\n        <\/div>\r\n    <\/div>\r\n<\/div>                         <div class=\"col-lg-10\">\r\n    <div class=\"single-new\">\r\n        <a href=\"https:\/\/www.novacap.ca\/en\/news\/tmt\/fibrenoire-acquires-pixel-web-and-continues-to-grow\/\" target=\"_blank\" class=\"logo\">\r\n                            <img decoding=\"async\" src=\"https:\/\/i0.wp.com\/fibrenoire.ca\/wp-content\/uploads\/2020\/06\/novacap.jpg?fit=1200%2C495&amp;ssl=1\" alt=\"Logo Novacap\">\r\n                    <\/a>\r\n        <div class=\"context\">\r\n            <h3 class=\"date\">May 01, 2014<\/h3>\r\n            <h2 class=\"title\"><a href=\"https:\/\/www.novacap.ca\/en\/news\/tmt\/fibrenoire-acquires-pixel-web-and-continues-to-grow\/\" target=\"_blank\">Fibrenoire Acquires Pixel Web and Continues to Grow<\/a><\/h2>\r\n            <p>Fibrenoire, a telecommunication company specializing in fibre optic connectivity services for businesses in Quebec and Ontario, continues to expand. Fibrenoire announces its acquisition of Pixel Web, a company specializing in Internet access technology and telecommunication services.<\/p>\r\n        <\/div>\r\n    <\/div>\r\n<\/div>            <\/div>\r\n  <\/div>\r\n<\/section>\r\n","protected":false},"excerpt":{"rendered":"","protected":false},"author":6,"featured_media":0,"parent":0,"menu_order":0,"comment_status":"closed","ping_status":"closed","template":"views\/page-press.blade.php","meta":{"_relevanssi_hide_post":"","_relevanssi_pin_for_all":"","_relevanssi_pin_keywords":"","_relevanssi_unpin_keywords":"","_relevanssi_related_keywords":"","_relevanssi_related_include_ids":"","_relevanssi_related_exclude_ids":"","_relevanssi_related_no_append":"","_relevanssi_related_not_related":"","_relevanssi_related_posts":"1","_relevanssi_noindex_reason":"","inline_featured_image":false,"footnotes":""},"class_list":["post-135","page","type-page","status-publish","hentry"],"acf":[],"yoast_head":"<!-- This site is optimized with the Yoast SEO Premium plugin v26.9 (Yoast SEO v27.0) - https:\/\/yoast.com\/product\/yoast-seo-premium-wordpress\/ -->\n<title>News \u2013 Find out what is going on with us! | Fibrenoire<\/title>\n<meta name=\"description\" content=\"Fibrenoire News! Finally, a fibre optic connectivity provider fully dedicated to businesses that want to go straight to the point.\" \/>\n<meta name=\"robots\" content=\"index, follow, max-snippet:-1, max-image-preview:large, max-video-preview:-1\" \/>\n<link rel=\"canonical\" href=\"https:\/\/fibrenoire.ca\/en\/news\/\" \/>\n<meta property=\"og:locale\" content=\"en_US\" \/>\n<meta property=\"og:type\" content=\"article\" \/>\n<meta property=\"og:title\" content=\"News\" \/>\n<meta property=\"og:description\" content=\"Fibrenoire News! Finally, a fibre optic connectivity provider fully dedicated to businesses that want to go straight to the point.\" \/>\n<meta property=\"og:url\" content=\"https:\/\/fibrenoire.ca\/en\/news\/\" \/>\n<meta property=\"og:site_name\" content=\"Fibrenoire\" \/>\n<meta property=\"article:modified_time\" content=\"2020-08-26T17:10:14+00:00\" \/>\n<meta name=\"twitter:card\" content=\"summary_large_image\" \/>\n<script type=\"application\/ld+json\" class=\"yoast-schema-graph\">{\"@context\":\"https:\/\/schema.org\",\"@graph\":[{\"@type\":\"WebPage\",\"@id\":\"https:\/\/fibrenoire.ca\/en\/news\/\",\"url\":\"https:\/\/fibrenoire.ca\/en\/news\/\",\"name\":\"News \u2013 Find out what is going on with us! | Fibrenoire\",\"isPartOf\":{\"@id\":\"https:\/\/fibrenoire.ca\/#website\"},\"datePublished\":\"2020-05-11T13:24:19+00:00\",\"dateModified\":\"2020-08-26T17:10:14+00:00\",\"description\":\"Fibrenoire News! Finally, a fibre optic connectivity provider fully dedicated to businesses that want to go straight to the point.\",\"breadcrumb\":{\"@id\":\"https:\/\/fibrenoire.ca\/en\/news\/#breadcrumb\"},\"inLanguage\":\"en-US\",\"potentialAction\":[{\"@type\":\"ReadAction\",\"target\":[\"https:\/\/fibrenoire.ca\/en\/news\/\"]}]},{\"@type\":\"BreadcrumbList\",\"@id\":\"https:\/\/fibrenoire.ca\/en\/news\/#breadcrumb\",\"itemListElement\":[{\"@type\":\"ListItem\",\"position\":1,\"name\":\"Accueil\",\"item\":\"https:\/\/fibrenoire.ca\/en\/\"},{\"@type\":\"ListItem\",\"position\":2,\"name\":\"News\"}]},{\"@type\":\"WebSite\",\"@id\":\"https:\/\/fibrenoire.ca\/#website\",\"url\":\"https:\/\/fibrenoire.ca\/\",\"name\":\"Fibrenoire\",\"description\":\"Fibrenoire\",\"potentialAction\":[{\"@type\":\"SearchAction\",\"target\":{\"@type\":\"EntryPoint\",\"urlTemplate\":\"https:\/\/fibrenoire.ca\/?s={search_term_string}\"},\"query-input\":{\"@type\":\"PropertyValueSpecification\",\"valueRequired\":true,\"valueName\":\"search_term_string\"}}],\"inLanguage\":\"en-US\"}]}<\/script>\n<!-- \/ Yoast SEO Premium plugin. -->","yoast_head_json":{"title":"News \u2013 Find out what is going on with us! | Fibrenoire","description":"Fibrenoire News! Finally, a fibre optic connectivity provider fully dedicated to businesses that want to go straight to the point.","robots":{"index":"index","follow":"follow","max-snippet":"max-snippet:-1","max-image-preview":"max-image-preview:large","max-video-preview":"max-video-preview:-1"},"canonical":"https:\/\/fibrenoire.ca\/en\/news\/","og_locale":"en_US","og_type":"article","og_title":"News","og_description":"Fibrenoire News! Finally, a fibre optic connectivity provider fully dedicated to businesses that want to go straight to the point.","og_url":"https:\/\/fibrenoire.ca\/en\/news\/","og_site_name":"Fibrenoire","article_modified_time":"2020-08-26T17:10:14+00:00","twitter_card":"summary_large_image","schema":{"@context":"https:\/\/schema.org","@graph":[{"@type":"WebPage","@id":"https:\/\/fibrenoire.ca\/en\/news\/","url":"https:\/\/fibrenoire.ca\/en\/news\/","name":"News \u2013 Find out what is going on with us! | Fibrenoire","isPartOf":{"@id":"https:\/\/fibrenoire.ca\/#website"},"datePublished":"2020-05-11T13:24:19+00:00","dateModified":"2020-08-26T17:10:14+00:00","description":"Fibrenoire News! Finally, a fibre optic connectivity provider fully dedicated to businesses that want to go straight to the point.","breadcrumb":{"@id":"https:\/\/fibrenoire.ca\/en\/news\/#breadcrumb"},"inLanguage":"en-US","potentialAction":[{"@type":"ReadAction","target":["https:\/\/fibrenoire.ca\/en\/news\/"]}]},{"@type":"BreadcrumbList","@id":"https:\/\/fibrenoire.ca\/en\/news\/#breadcrumb","itemListElement":[{"@type":"ListItem","position":1,"name":"Accueil","item":"https:\/\/fibrenoire.ca\/en\/"},{"@type":"ListItem","position":2,"name":"News"}]},{"@type":"WebSite","@id":"https:\/\/fibrenoire.ca\/#website","url":"https:\/\/fibrenoire.ca\/","name":"Fibrenoire","description":"Fibrenoire","potentialAction":[{"@type":"SearchAction","target":{"@type":"EntryPoint","urlTemplate":"https:\/\/fibrenoire.ca\/?s={search_term_string}"},"query-input":{"@type":"PropertyValueSpecification","valueRequired":true,"valueName":"search_term_string"}}],"inLanguage":"en-US"}]}},"jetpack_sharing_enabled":true,"_links":{"self":[{"href":"https:\/\/fibrenoire.ca\/en\/wp-json\/wp\/v2\/pages\/135","targetHints":{"allow":["GET"]}}],"collection":[{"href":"https:\/\/fibrenoire.ca\/en\/wp-json\/wp\/v2\/pages"}],"about":[{"href":"https:\/\/fibrenoire.ca\/en\/wp-json\/wp\/v2\/types\/page"}],"author":[{"embeddable":true,"href":"https:\/\/fibrenoire.ca\/en\/wp-json\/wp\/v2\/users\/6"}],"replies":[{"embeddable":true,"href":"https:\/\/fibrenoire.ca\/en\/wp-json\/wp\/v2\/comments?post=135"}],"version-history":[{"count":5,"href":"https:\/\/fibrenoire.ca\/en\/wp-json\/wp\/v2\/pages\/135\/revisions"}],"predecessor-version":[{"id":1948,"href":"https:\/\/fibrenoire.ca\/en\/wp-json\/wp\/v2\/pages\/135\/revisions\/1948"}],"wp:attachment":[{"href":"https:\/\/fibrenoire.ca\/en\/wp-json\/wp\/v2\/media?parent=135"}],"curies":[{"name":"wp","href":"https:\/\/api.w.org\/{rel}","templated":true}]}}